{"id":82,"date":"2022-03-28T13:12:40","date_gmt":"2022-03-28T13:12:40","guid":{"rendered":"https:\/\/bt-seilschirme.de\/?page_id=82"},"modified":"2024-01-15T17:16:15","modified_gmt":"2024-01-15T17:16:15","slug":"anleitungen","status":"publish","type":"page","link":"https:\/\/bt-seilschirme.de\/?page_id=82","title":{"rendered":"Anleitungen"},"content":{"rendered":"\n<p>Hier finden Sie umfangreiche Anleitungen zu unseren Seilschirmen.<\/p>\n\n\n\n<p><a href=\"https:\/\/bt-seilschirme.de\/wp-content\/uploads\/2022\/04\/Allgemeines-ueber-Seilschirme-und-Einsatz.pdf\" target=\"_blank\" rel=\"noreferrer noopener\">Allgemeines \u00fcber Seilschirme und Einsatz [pdf]<\/a><\/p>\n\n\n\n<p><a href=\"https:\/\/bt-seilschirme.de\/wp-content\/uploads\/2022\/04\/Anleitung-Auswechseln-Gurtbaender.pdf\" target=\"_blank\" rel=\"noreferrer noopener\">Anleitung Auswechseln Gurtb\u00e4nder [pdf]<\/a><\/p>\n\n\n\n<p><a href=\"https:\/\/bt-seilschirme.de\/wp-content\/uploads\/2022\/04\/Anleitung-Kordel.pdf\" target=\"_blank\" rel=\"noreferrer noopener\">Anleitung Kordel [pdf]<\/a><\/p>\n\n\n\n<p><a href=\"https:\/\/bt-seilschirme.de\/wp-content\/uploads\/2024\/01\/Anltr.-z.-Einstellen-v.-Gurtbaendern.pdf\" target=\"_blank\" rel=\"noreferrer noopener\">Einstellung um Drehen zu verhindern [pdf]<\/a><\/p>\n\n\n\n<p><a href=\"https:\/\/bt-seilschirme.de\/wp-content\/uploads\/2022\/04\/How-to-remove-the-spin.pdf\" target=\"_blank\" rel=\"noreferrer noopener\">How to remove the spin [pdf]<\/a><\/p>\n\n\n\n<p><a href=\"https:\/\/bt-seilschirme.de\/wp-content\/uploads\/2022\/04\/Spleissen-von-Kunststoffseilen.pdf\" target=\"_blank\" rel=\"noreferrer noopener\">Splei\u00dfen von Kunststoffseilen [pdf]<\/a><\/p>\n","protected":false},"excerpt":{"rendered":"<p>Hier finden Sie umfangreiche Anleitungen zu unseren Seilschirmen. Allgemeines \u00fcber Seilschirme und Einsatz [pdf] Anleitung Auswechseln Gurtb\u00e4nder [pdf] Anleitung Kordel [pdf] Einstellung um Drehen zu verhindern [pdf] How to remove the spin [pdf] Splei\u00dfen von Kunststoffseilen [pdf]<\/p>\n","protected":false},"author":2,"featured_media":0,"parent":0,"menu_order":0,"comment_status":"closed","ping_status":"closed","template":"","meta":{"footnotes":""},"class_list":["post-82","page","type-page","status-publish","hentry"],"yoast_head":"<!-- This site is optimized with the Yoast SEO plugin v27.3 - https:\/\/yoast.com\/product\/yoast-seo-wordpress\/ -->\n<title>Anleitungen - BT Seilschirme<\/title>\n<meta name=\"robots\" content=\"index, follow, max-snippet:-1, max-image-preview:large, max-video-preview:-1\" \/>\n<link rel=\"canonical\" href=\"https:\/\/bt-seilschirme.de\/?page_id=82\" \/>\n<meta property=\"og:locale\" content=\"de_DE\" \/>\n<meta property=\"og:type\" content=\"article\" \/>\n<meta property=\"og:title\" content=\"Anleitungen - BT Seilschirme\" \/>\n<meta property=\"og:description\" content=\"Hier finden Sie umfangreiche Anleitungen zu unseren Seilschirmen. Allgemeines \u00fcber Seilschirme und Einsatz [pdf] Anleitung Auswechseln Gurtb\u00e4nder [pdf] Anleitung Kordel [pdf] Einstellung um Drehen zu verhindern [pdf] How to remove the spin [pdf] Splei\u00dfen von Kunststoffseilen [pdf]\" \/>\n<meta property=\"og:url\" content=\"https:\/\/bt-seilschirme.de\/?page_id=82\" \/>\n<meta property=\"og:site_name\" content=\"BT Seilschirme\" \/>\n<meta property=\"article:modified_time\" content=\"2024-01-15T17:16:15+00:00\" \/>\n<meta name=\"twitter:card\" content=\"summary_large_image\" \/>\n<meta name=\"twitter:label1\" content=\"Gesch\u00e4tzte Lesezeit\" \/>\n\t<meta name=\"twitter:data1\" content=\"1\u00a0Minute\" \/>\n<script type=\"application\/ld+json\" class=\"yoast-schema-graph\">{\"@context\":\"https:\\\/\\\/schema.org\",\"@graph\":[{\"@type\":\"WebPage\",\"@id\":\"https:\\\/\\\/bt-seilschirme.de\\\/?page_id=82\",\"url\":\"https:\\\/\\\/bt-seilschirme.de\\\/?page_id=82\",\"name\":\"Anleitungen - BT Seilschirme\",\"isPartOf\":{\"@id\":\"https:\\\/\\\/bt-seilschirme.de\\\/#website\"},\"datePublished\":\"2022-03-28T13:12:40+00:00\",\"dateModified\":\"2024-01-15T17:16:15+00:00\",\"breadcrumb\":{\"@id\":\"https:\\\/\\\/bt-seilschirme.de\\\/?page_id=82#breadcrumb\"},\"inLanguage\":\"de\",\"potentialAction\":[{\"@type\":\"ReadAction\",\"target\":[\"https:\\\/\\\/bt-seilschirme.de\\\/?page_id=82\"]}]},{\"@type\":\"BreadcrumbList\",\"@id\":\"https:\\\/\\\/bt-seilschirme.de\\\/?page_id=82#breadcrumb\",\"itemListElement\":[{\"@type\":\"ListItem\",\"position\":1,\"name\":\"Startseite\",\"item\":\"https:\\\/\\\/bt-seilschirme.de\\\/\"},{\"@type\":\"ListItem\",\"position\":2,\"name\":\"Anleitungen\"}]},{\"@type\":\"WebSite\",\"@id\":\"https:\\\/\\\/bt-seilschirme.de\\\/#website\",\"url\":\"https:\\\/\\\/bt-seilschirme.de\\\/\",\"name\":\"BT Seilschirme\",\"description\":\"J\u00fcrgen Daube\",\"publisher\":{\"@id\":\"https:\\\/\\\/bt-seilschirme.de\\\/#organization\"},\"potentialAction\":[{\"@type\":\"SearchAction\",\"target\":{\"@type\":\"EntryPoint\",\"urlTemplate\":\"https:\\\/\\\/bt-seilschirme.de\\\/?s={search_term_string}\"},\"query-input\":{\"@type\":\"PropertyValueSpecification\",\"valueRequired\":true,\"valueName\":\"search_term_string\"}}],\"inLanguage\":\"de\"},{\"@type\":\"Organization\",\"@id\":\"https:\\\/\\\/bt-seilschirme.de\\\/#organization\",\"name\":\"BT Seilschirme\",\"url\":\"https:\\\/\\\/bt-seilschirme.de\\\/\",\"logo\":{\"@type\":\"ImageObject\",\"inLanguage\":\"de\",\"@id\":\"https:\\\/\\\/bt-seilschirme.de\\\/#\\\/schema\\\/logo\\\/image\\\/\",\"url\":\"https:\\\/\\\/i0.wp.com\\\/bt-seilschirme.7nw.de\\\/wp-content\\\/uploads\\\/2022\\\/03\\\/Logo_wp.png?fit=821%2C818&ssl=1\",\"contentUrl\":\"https:\\\/\\\/i0.wp.com\\\/bt-seilschirme.7nw.de\\\/wp-content\\\/uploads\\\/2022\\\/03\\\/Logo_wp.png?fit=821%2C818&ssl=1\",\"width\":821,\"height\":818,\"caption\":\"BT Seilschirme\"},\"image\":{\"@id\":\"https:\\\/\\\/bt-seilschirme.de\\\/#\\\/schema\\\/logo\\\/image\\\/\"}}]}<\/script>\n<!-- \/ Yoast SEO plugin. -->","yoast_head_json":{"title":"Anleitungen - BT Seilschirme","robots":{"index":"index","follow":"follow","max-snippet":"max-snippet:-1","max-image-preview":"max-image-preview:large","max-video-preview":"max-video-preview:-1"},"canonical":"https:\/\/bt-seilschirme.de\/?page_id=82","og_locale":"de_DE","og_type":"article","og_title":"Anleitungen - BT Seilschirme","og_description":"Hier finden Sie umfangreiche Anleitungen zu unseren Seilschirmen. Allgemeines \u00fcber Seilschirme und Einsatz [pdf] Anleitung Auswechseln Gurtb\u00e4nder [pdf] Anleitung Kordel [pdf] Einstellung um Drehen zu verhindern [pdf] How to remove the spin [pdf] Splei\u00dfen von Kunststoffseilen [pdf]","og_url":"https:\/\/bt-seilschirme.de\/?page_id=82","og_site_name":"BT Seilschirme","article_modified_time":"2024-01-15T17:16:15+00:00","twitter_card":"summary_large_image","twitter_misc":{"Gesch\u00e4tzte Lesezeit":"1\u00a0Minute"},"schema":{"@context":"https:\/\/schema.org","@graph":[{"@type":"WebPage","@id":"https:\/\/bt-seilschirme.de\/?page_id=82","url":"https:\/\/bt-seilschirme.de\/?page_id=82","name":"Anleitungen - BT Seilschirme","isPartOf":{"@id":"https:\/\/bt-seilschirme.de\/#website"},"datePublished":"2022-03-28T13:12:40+00:00","dateModified":"2024-01-15T17:16:15+00:00","breadcrumb":{"@id":"https:\/\/bt-seilschirme.de\/?page_id=82#breadcrumb"},"inLanguage":"de","potentialAction":[{"@type":"ReadAction","target":["https:\/\/bt-seilschirme.de\/?page_id=82"]}]},{"@type":"BreadcrumbList","@id":"https:\/\/bt-seilschirme.de\/?page_id=82#breadcrumb","itemListElement":[{"@type":"ListItem","position":1,"name":"Startseite","item":"https:\/\/bt-seilschirme.de\/"},{"@type":"ListItem","position":2,"name":"Anleitungen"}]},{"@type":"WebSite","@id":"https:\/\/bt-seilschirme.de\/#website","url":"https:\/\/bt-seilschirme.de\/","name":"BT Seilschirme","description":"J\u00fcrgen Daube","publisher":{"@id":"https:\/\/bt-seilschirme.de\/#organization"},"potentialAction":[{"@type":"SearchAction","target":{"@type":"EntryPoint","urlTemplate":"https:\/\/bt-seilschirme.de\/?s={search_term_string}"},"query-input":{"@type":"PropertyValueSpecification","valueRequired":true,"valueName":"search_term_string"}}],"inLanguage":"de"},{"@type":"Organization","@id":"https:\/\/bt-seilschirme.de\/#organization","name":"BT Seilschirme","url":"https:\/\/bt-seilschirme.de\/","logo":{"@type":"ImageObject","inLanguage":"de","@id":"https:\/\/bt-seilschirme.de\/#\/schema\/logo\/image\/","url":"https:\/\/i0.wp.com\/bt-seilschirme.7nw.de\/wp-content\/uploads\/2022\/03\/Logo_wp.png?fit=821%2C818&ssl=1","contentUrl":"https:\/\/i0.wp.com\/bt-seilschirme.7nw.de\/wp-content\/uploads\/2022\/03\/Logo_wp.png?fit=821%2C818&ssl=1","width":821,"height":818,"caption":"BT Seilschirme"},"image":{"@id":"https:\/\/bt-seilschirme.de\/#\/schema\/logo\/image\/"}}]}},"jetpack_sharing_enabled":true,"_links":{"self":[{"href":"https:\/\/bt-seilschirme.de\/index.php?rest_route=\/wp\/v2\/pages\/82","targetHints":{"allow":["GET"]}}],"collection":[{"href":"https:\/\/bt-seilschirme.de\/index.php?rest_route=\/wp\/v2\/pages"}],"about":[{"href":"https:\/\/bt-seilschirme.de\/index.php?rest_route=\/wp\/v2\/types\/page"}],"author":[{"embeddable":true,"href":"https:\/\/bt-seilschirme.de\/index.php?rest_route=\/wp\/v2\/users\/2"}],"replies":[{"embeddable":true,"href":"https:\/\/bt-seilschirme.de\/index.php?rest_route=%2Fwp%2Fv2%2Fcomments&post=82"}],"version-history":[{"count":4,"href":"https:\/\/bt-seilschirme.de\/index.php?rest_route=\/wp\/v2\/pages\/82\/revisions"}],"predecessor-version":[{"id":208,"href":"https:\/\/bt-seilschirme.de\/index.php?rest_route=\/wp\/v2\/pages\/82\/revisions\/208"}],"wp:attachment":[{"href":"https:\/\/bt-seilschirme.de\/index.php?rest_route=%2Fwp%2Fv2%2Fmedia&parent=82"}],"curies":[{"name":"wp","href":"https:\/\/api.w.org\/{rel}","templated":true}]}}