{"id":184,"date":"2022-04-20T15:51:15","date_gmt":"2022-04-20T15:51:15","guid":{"rendered":"https:\/\/bt-seilschirme.de\/?page_id=184"},"modified":"2024-01-15T18:57:52","modified_gmt":"2024-01-15T18:57:52","slug":"texte","status":"publish","type":"page","link":"https:\/\/bt-seilschirme.de\/?page_id=184","title":{"rendered":"Texte"},"content":{"rendered":"\n<h2 class=\"wp-block-heading\">Die Droge Segelflug<\/h2>\n\n\n\n<p><em>J\u00fcrgen Daube, 1991<\/em><\/p>\n\n\n\n<div data-wp-interactive=\"core\/file\" class=\"wp-block-file\"><object data-wp-bind--hidden=\"!state.hasPdfPreview\" hidden class=\"wp-block-file__embed\" data=\"https:\/\/bt-seilschirme.de\/wp-content\/uploads\/2024\/01\/drogesegelflug.pdf\" type=\"application\/pdf\" style=\"width:100%;height:600px\" aria-label=\"Einbettung von drogesegelflug.\"><\/object><a id=\"wp-block-file--media-182537b6-4b3d-46d3-94c9-0a566a0f21f7\" href=\"https:\/\/bt-seilschirme.de\/wp-content\/uploads\/2024\/01\/drogesegelflug.pdf\">drogesegelflug<\/a><a href=\"https:\/\/bt-seilschirme.de\/wp-content\/uploads\/2024\/01\/drogesegelflug.pdf\" class=\"wp-block-file__button wp-element-button\" download aria-describedby=\"wp-block-file--media-182537b6-4b3d-46d3-94c9-0a566a0f21f7\">Herunterladen<\/a><\/div>\n\n\n\n<h2 class=\"wp-block-heading\">Essen und Fliegen<\/h2>\n\n\n\n<p><em>Braunschweig, 2000<\/em><\/p>\n\n\n\n<div data-wp-interactive=\"core\/file\" class=\"wp-block-file\"><object data-wp-bind--hidden=\"!state.hasPdfPreview\" hidden class=\"wp-block-file__embed\" data=\"https:\/\/bt-seilschirme.de\/wp-content\/uploads\/2024\/01\/Essen-und-Fliegen.pdf\" type=\"application\/pdf\" style=\"width:100%;height:600px\" aria-label=\"Einbettung von Essen und Fliegen.\"><\/object><a id=\"wp-block-file--media-a675f737-fb66-49a1-9ec0-e674ae50d515\" href=\"https:\/\/bt-seilschirme.de\/wp-content\/uploads\/2024\/01\/Essen-und-Fliegen.pdf\">Essen und Fliegen<\/a><a href=\"https:\/\/bt-seilschirme.de\/wp-content\/uploads\/2024\/01\/Essen-und-Fliegen.pdf\" class=\"wp-block-file__button wp-element-button\" download aria-describedby=\"wp-block-file--media-a675f737-fb66-49a1-9ec0-e674ae50d515\">Herunterladen<\/a><\/div>\n\n\n\n<h2 class=\"wp-block-heading\">Die ultimative Vision oder auch: Kultur mit Zukunft<\/h2>\n\n\n\n<p><em>Oktober 2008<\/em><\/p>\n\n\n\n<div data-wp-interactive=\"core\/file\" class=\"wp-block-file\"><object data-wp-bind--hidden=\"!state.hasPdfPreview\" hidden class=\"wp-block-file__embed\" data=\"https:\/\/bt-seilschirme.de\/wp-content\/uploads\/2024\/01\/Die-ultimative-Vision.pdf\" type=\"application\/pdf\" style=\"width:100%;height:600px\" aria-label=\"Einbettung von Die ultimative Vision.\"><\/object><a id=\"wp-block-file--media-521151d6-9fc7-4670-95f2-5fc85ca20a8a\" href=\"https:\/\/bt-seilschirme.de\/wp-content\/uploads\/2024\/01\/Die-ultimative-Vision.pdf\">Die ultimative Vision<\/a><a href=\"https:\/\/bt-seilschirme.de\/wp-content\/uploads\/2024\/01\/Die-ultimative-Vision.pdf\" class=\"wp-block-file__button wp-element-button\" download aria-describedby=\"wp-block-file--media-521151d6-9fc7-4670-95f2-5fc85ca20a8a\">Herunterladen<\/a><\/div>\n\n\n\n<h2 class=\"wp-block-heading\">Vom Leben und Lieben der segelfliegenden Gro\u00dfv\u00f6gel<\/h2>\n\n\n\n<p><em>J\u00fcrgen Daube, 1994<\/em><\/p>\n\n\n\n<div data-wp-interactive=\"core\/file\" class=\"wp-block-file\"><object data-wp-bind--hidden=\"!state.hasPdfPreview\" hidden class=\"wp-block-file__embed\" data=\"https:\/\/bt-seilschirme.de\/wp-content\/uploads\/2024\/01\/Glido-Glido-maximus.pdf\" type=\"application\/pdf\" style=\"width:100%;height:600px\" aria-label=\"Einbettung von Glido Glido maximus.\"><\/object><a id=\"wp-block-file--media-fa6bd9a1-ec8a-41a6-b5d1-654604150158\" href=\"https:\/\/bt-seilschirme.de\/wp-content\/uploads\/2024\/01\/Glido-Glido-maximus.pdf\">Glido Glido maximus<\/a><a href=\"https:\/\/bt-seilschirme.de\/wp-content\/uploads\/2024\/01\/Glido-Glido-maximus.pdf\" class=\"wp-block-file__button wp-element-button\" download aria-describedby=\"wp-block-file--media-fa6bd9a1-ec8a-41a6-b5d1-654604150158\">Herunterladen<\/a><\/div>\n\n\n\n<h2 class=\"wp-block-heading\">Die Evolution im Segellflugzeugbau<\/h2>\n\n\n\n<p><em>J\u00fcrgen Daube<br>Verden, 19.10.2002<\/em><\/p>\n\n\n\n<div data-wp-interactive=\"core\/file\" class=\"wp-block-file\"><object data-wp-bind--hidden=\"!state.hasPdfPreview\" hidden class=\"wp-block-file__embed\" data=\"https:\/\/bt-seilschirme.de\/wp-content\/uploads\/2024\/01\/Verden-2002Evolution.pdf\" type=\"application\/pdf\" style=\"width:100%;height:600px\" aria-label=\"Einbettung von Verden 2002Evolution.\"><\/object><a id=\"wp-block-file--media-f760cee8-e38b-41f8-9c3d-e088ff376d7b\" href=\"https:\/\/bt-seilschirme.de\/wp-content\/uploads\/2024\/01\/Verden-2002Evolution.pdf\">Verden 2002Evolution<\/a><a href=\"https:\/\/bt-seilschirme.de\/wp-content\/uploads\/2024\/01\/Verden-2002Evolution.pdf\" class=\"wp-block-file__button wp-element-button\" download aria-describedby=\"wp-block-file--media-f760cee8-e38b-41f8-9c3d-e088ff376d7b\">Herunterladen<\/a><\/div>\n\n\n\n<h2 class=\"wp-block-heading\">Vorwort Verden 2006<\/h2>\n\n\n\n<p><em>J\u00fcrgen Daube<\/em><br><em>Braunschweig, im Oktober 2006<\/em><\/p>\n\n\n\n<div data-wp-interactive=\"core\/file\" class=\"wp-block-file\"><object data-wp-bind--hidden=\"!state.hasPdfPreview\" hidden class=\"wp-block-file__embed\" data=\"https:\/\/bt-seilschirme.de\/wp-content\/uploads\/2024\/01\/VorwortVerden-2006.pdf\" type=\"application\/pdf\" style=\"width:100%;height:600px\" aria-label=\"Einbettung von VorwortVerden 2006.\"><\/object><a id=\"wp-block-file--media-b40734c1-5d41-4328-b84e-db78cd15cbf7\" href=\"https:\/\/bt-seilschirme.de\/wp-content\/uploads\/2024\/01\/VorwortVerden-2006.pdf\">VorwortVerden 2006<\/a><a href=\"https:\/\/bt-seilschirme.de\/wp-content\/uploads\/2024\/01\/VorwortVerden-2006.pdf\" class=\"wp-block-file__button wp-element-button\" download aria-describedby=\"wp-block-file--media-b40734c1-5d41-4328-b84e-db78cd15cbf7\">Herunterladen<\/a><\/div>\n\n\n\n<h2 class=\"wp-block-heading\">Sonnenkollektoren der anderen Art, eine bahnbrechende Neuheit f\u00fcr den Segelflug.<\/h2>\n\n\n\n<p><em>J\u00fcrgen Daube<\/em><br><em>Braunschweig, im Januar 2001<\/em><\/p>\n\n\n\n<div data-wp-interactive=\"core\/file\" class=\"wp-block-file\"><object data-wp-bind--hidden=\"!state.hasPdfPreview\" hidden class=\"wp-block-file__embed\" data=\"https:\/\/bt-seilschirme.de\/wp-content\/uploads\/2024\/01\/Schwarz-ist-der-Farbstoff.pdf\" type=\"application\/pdf\" style=\"width:100%;height:600px\" aria-label=\"Einbettung von Schwarz ist der Farbstoff.\"><\/object><a id=\"wp-block-file--media-cd0b998a-1a27-46bc-aec5-8ea62fa55888\" href=\"https:\/\/bt-seilschirme.de\/wp-content\/uploads\/2024\/01\/Schwarz-ist-der-Farbstoff.pdf\">Schwarz ist der Farbstoff<\/a><\/div>\n\n\n\n<h2 class=\"wp-block-heading\">Warum gibt es Tumuli?<\/h2>\n\n\n\n<p><em>J\u00fcrgen Daube<\/em><br><em>38106 Braunschweig, 21.03.99<\/em><img data-recalc-dims=\"1\" loading=\"lazy\" decoding=\"async\" width=\"18\" height=\"18\" src=\"https:\/\/i0.wp.com\/web.archive.org\/web\/20201022201946im_\/http%3A\/\/bt-seilschirme.de\/system\/themes\/default\/images\/iconPDF.gif?resize=18%2C18&#038;ssl=1\" alt=\"application\/pdf\"><\/p>\n\n\n\n<div data-wp-interactive=\"core\/file\" class=\"wp-block-file\"><object data-wp-bind--hidden=\"!state.hasPdfPreview\" hidden class=\"wp-block-file__embed\" data=\"https:\/\/bt-seilschirme.de\/wp-content\/uploads\/2024\/01\/Tumulus-Cumulus.pdf\" type=\"application\/pdf\" style=\"width:100%;height:600px\" aria-label=\"Einbettung von Tumulus-Cumulus.\"><\/object><a id=\"wp-block-file--media-14ae2294-c729-43b8-a8ff-9d2bcb6e6428\" href=\"https:\/\/bt-seilschirme.de\/wp-content\/uploads\/2024\/01\/Tumulus-Cumulus.pdf\">Tumulus-Cumulus<\/a><a href=\"https:\/\/bt-seilschirme.de\/wp-content\/uploads\/2024\/01\/Tumulus-Cumulus.pdf\" class=\"wp-block-file__button wp-element-button\" download aria-describedby=\"wp-block-file--media-14ae2294-c729-43b8-a8ff-9d2bcb6e6428\">Herunterladen<\/a><\/div>\n\n\n\n<h2 class=\"wp-block-heading\">D E R Tag &#8211; Ein Segelfliegerm\u00e4rchen<\/h2>\n\n\n\n<p><em>J\u00fcrgen Daube, 1993<\/em><img data-recalc-dims=\"1\" loading=\"lazy\" decoding=\"async\" width=\"18\" height=\"18\" src=\"https:\/\/i0.wp.com\/web.archive.org\/web\/20201022201946im_\/http%3A\/\/bt-seilschirme.de\/system\/themes\/default\/images\/iconPDF.gif?resize=18%2C18&#038;ssl=1\" alt=\"application\/pdf\"><\/p>\n\n\n\n<div data-wp-interactive=\"core\/file\" class=\"wp-block-file\"><object data-wp-bind--hidden=\"!state.hasPdfPreview\" hidden class=\"wp-block-file__embed\" data=\"https:\/\/bt-seilschirme.de\/wp-content\/uploads\/2024\/01\/Maerchen-Der-Tag.pdf\" type=\"application\/pdf\" style=\"width:100%;height:600px\" aria-label=\"Einbettung von M\u00e4rchen, Der Tag.\"><\/object><a id=\"wp-block-file--media-020e763c-1d3e-4497-a7b4-5cbf387cc582\" href=\"https:\/\/bt-seilschirme.de\/wp-content\/uploads\/2024\/01\/Maerchen-Der-Tag.pdf\">M\u00e4rchen, Der Tag<\/a><a href=\"https:\/\/bt-seilschirme.de\/wp-content\/uploads\/2024\/01\/Maerchen-Der-Tag.pdf\" class=\"wp-block-file__button wp-element-button\" download aria-describedby=\"wp-block-file--media-020e763c-1d3e-4497-a7b4-5cbf387cc582\">Herunterladen<\/a><\/div>\n\n\n\n<h2 class=\"wp-block-heading\">Der segelfliegende Mensch<\/h2>\n\n\n\n<div data-wp-interactive=\"core\/file\" class=\"wp-block-file\"><object data-wp-bind--hidden=\"!state.hasPdfPreview\" hidden class=\"wp-block-file__embed\" data=\"https:\/\/bt-seilschirme.de\/wp-content\/uploads\/2024\/01\/Der-segelfliegende-Mensch.pdf\" type=\"application\/pdf\" style=\"width:100%;height:600px\" aria-label=\"Einbettung von Der segelfliegende Mensch.\"><\/object><a id=\"wp-block-file--media-4d6ea23b-a50f-49bf-bd1d-7c77e6d80e9a\" href=\"https:\/\/bt-seilschirme.de\/wp-content\/uploads\/2024\/01\/Der-segelfliegende-Mensch.pdf\">Der segelfliegende Mensch<\/a><a href=\"https:\/\/bt-seilschirme.de\/wp-content\/uploads\/2024\/01\/Der-segelfliegende-Mensch.pdf\" class=\"wp-block-file__button wp-element-button\" download aria-describedby=\"wp-block-file--media-4d6ea23b-a50f-49bf-bd1d-7c77e6d80e9a\">Herunterladen<\/a><\/div>\n\n\n\n<h2 class=\"wp-block-heading\">Vom Samen zum Segelflugzeug<\/h2>\n\n\n\n<div data-wp-interactive=\"core\/file\" class=\"wp-block-file\"><object data-wp-bind--hidden=\"!state.hasPdfPreview\" hidden class=\"wp-block-file__embed\" data=\"https:\/\/bt-seilschirme.de\/wp-content\/uploads\/2024\/01\/Vom-Samen-zum-Segelflugzeug.pdf\" type=\"application\/pdf\" style=\"width:100%;height:600px\" aria-label=\"Einbettung von Vom Samen zum Segelflugzeug.\"><\/object><a id=\"wp-block-file--media-d109de9b-f09e-451a-bfc0-8b7f33ba3bbd\" href=\"https:\/\/bt-seilschirme.de\/wp-content\/uploads\/2024\/01\/Vom-Samen-zum-Segelflugzeug.pdf\">Vom Samen zum Segelflugzeug<\/a><a href=\"https:\/\/bt-seilschirme.de\/wp-content\/uploads\/2024\/01\/Vom-Samen-zum-Segelflugzeug.pdf\" class=\"wp-block-file__button wp-element-button\" download aria-describedby=\"wp-block-file--media-d109de9b-f09e-451a-bfc0-8b7f33ba3bbd\">Herunterladen<\/a><\/div>\n","protected":false},"excerpt":{"rendered":"<p>Die Droge Segelflug J\u00fcrgen Daube, 1991 Essen und Fliegen Braunschweig, 2000 Die ultimative Vision oder auch: Kultur mit Zukunft Oktober 2008 Vom Leben und Lieben der segelfliegenden Gro\u00dfv\u00f6gel J\u00fcrgen Daube, 1994 Die Evolution im Segellflugzeugbau J\u00fcrgen DaubeVerden, 19.10.2002 Vorwort Verden 2006 J\u00fcrgen DaubeBraunschweig, im Oktober 2006 Sonnenkollektoren der anderen Art, [&hellip;]<\/p>\n","protected":false},"author":2,"featured_media":0,"parent":101,"menu_order":0,"comment_status":"closed","ping_status":"closed","template":"","meta":{"footnotes":""},"class_list":["post-184","page","type-page","status-publish","hentry"],"yoast_head":"<!-- This site is optimized with the Yoast SEO plugin v27.4 - https:\/\/yoast.com\/product\/yoast-seo-wordpress\/ -->\n<title>Texte - BT Seilschirme<\/title>\n<meta name=\"robots\" content=\"index, follow, max-snippet:-1, max-image-preview:large, max-video-preview:-1\" \/>\n<link rel=\"canonical\" href=\"https:\/\/bt-seilschirme.de\/?page_id=184\" \/>\n<meta property=\"og:locale\" content=\"de_DE\" \/>\n<meta property=\"og:type\" content=\"article\" \/>\n<meta property=\"og:title\" content=\"Texte - BT Seilschirme\" \/>\n<meta property=\"og:description\" content=\"Die Droge Segelflug J\u00fcrgen Daube, 1991 Essen und Fliegen Braunschweig, 2000 Die ultimative Vision oder auch: Kultur mit Zukunft Oktober 2008 Vom Leben und Lieben der segelfliegenden Gro\u00dfv\u00f6gel J\u00fcrgen Daube, 1994 Die Evolution im Segellflugzeugbau J\u00fcrgen DaubeVerden, 19.10.2002 Vorwort Verden 2006 J\u00fcrgen DaubeBraunschweig, im Oktober 2006 Sonnenkollektoren der anderen Art, [&hellip;]\" \/>\n<meta property=\"og:url\" content=\"https:\/\/bt-seilschirme.de\/?page_id=184\" \/>\n<meta property=\"og:site_name\" content=\"BT Seilschirme\" \/>\n<meta property=\"article:modified_time\" content=\"2024-01-15T18:57:52+00:00\" \/>\n<meta property=\"og:image\" content=\"https:\/\/web.archive.org\/web\/20201022201946im_\/http:\/\/bt-seilschirme.de\/system\/themes\/default\/images\/iconPDF.gif\" \/>\n<meta name=\"twitter:card\" content=\"summary_large_image\" \/>\n<meta name=\"twitter:label1\" content=\"Gesch\u00e4tzte Lesezeit\" \/>\n\t<meta name=\"twitter:data1\" content=\"2\u00a0Minuten\" \/>\n<script type=\"application\/ld+json\" class=\"yoast-schema-graph\">{\"@context\":\"https:\\\/\\\/schema.org\",\"@graph\":[{\"@type\":\"WebPage\",\"@id\":\"https:\\\/\\\/bt-seilschirme.de\\\/?page_id=184\",\"url\":\"https:\\\/\\\/bt-seilschirme.de\\\/?page_id=184\",\"name\":\"Texte - BT Seilschirme\",\"isPartOf\":{\"@id\":\"https:\\\/\\\/bt-seilschirme.de\\\/#website\"},\"primaryImageOfPage\":{\"@id\":\"https:\\\/\\\/bt-seilschirme.de\\\/?page_id=184#primaryimage\"},\"image\":{\"@id\":\"https:\\\/\\\/bt-seilschirme.de\\\/?page_id=184#primaryimage\"},\"thumbnailUrl\":\"https:\\\/\\\/web.archive.org\\\/web\\\/20201022201946im_\\\/http:\\\/\\\/bt-seilschirme.de\\\/system\\\/themes\\\/default\\\/images\\\/iconPDF.gif\",\"datePublished\":\"2022-04-20T15:51:15+00:00\",\"dateModified\":\"2024-01-15T18:57:52+00:00\",\"breadcrumb\":{\"@id\":\"https:\\\/\\\/bt-seilschirme.de\\\/?page_id=184#breadcrumb\"},\"inLanguage\":\"de\",\"potentialAction\":[{\"@type\":\"ReadAction\",\"target\":[\"https:\\\/\\\/bt-seilschirme.de\\\/?page_id=184\"]}]},{\"@type\":\"ImageObject\",\"inLanguage\":\"de\",\"@id\":\"https:\\\/\\\/bt-seilschirme.de\\\/?page_id=184#primaryimage\",\"url\":\"https:\\\/\\\/web.archive.org\\\/web\\\/20201022201946im_\\\/http:\\\/\\\/bt-seilschirme.de\\\/system\\\/themes\\\/default\\\/images\\\/iconPDF.gif\",\"contentUrl\":\"https:\\\/\\\/web.archive.org\\\/web\\\/20201022201946im_\\\/http:\\\/\\\/bt-seilschirme.de\\\/system\\\/themes\\\/default\\\/images\\\/iconPDF.gif\"},{\"@type\":\"BreadcrumbList\",\"@id\":\"https:\\\/\\\/bt-seilschirme.de\\\/?page_id=184#breadcrumb\",\"itemListElement\":[{\"@type\":\"ListItem\",\"position\":1,\"name\":\"Startseite\",\"item\":\"https:\\\/\\\/bt-seilschirme.de\\\/\"},{\"@type\":\"ListItem\",\"position\":2,\"name\":\"Lyrik\",\"item\":\"https:\\\/\\\/bt-seilschirme.de\\\/?page_id=101\"},{\"@type\":\"ListItem\",\"position\":3,\"name\":\"Texte\"}]},{\"@type\":\"WebSite\",\"@id\":\"https:\\\/\\\/bt-seilschirme.de\\\/#website\",\"url\":\"https:\\\/\\\/bt-seilschirme.de\\\/\",\"name\":\"BT Seilschirme\",\"description\":\"J\u00fcrgen Daube\",\"publisher\":{\"@id\":\"https:\\\/\\\/bt-seilschirme.de\\\/#organization\"},\"potentialAction\":[{\"@type\":\"SearchAction\",\"target\":{\"@type\":\"EntryPoint\",\"urlTemplate\":\"https:\\\/\\\/bt-seilschirme.de\\\/?s={search_term_string}\"},\"query-input\":{\"@type\":\"PropertyValueSpecification\",\"valueRequired\":true,\"valueName\":\"search_term_string\"}}],\"inLanguage\":\"de\"},{\"@type\":\"Organization\",\"@id\":\"https:\\\/\\\/bt-seilschirme.de\\\/#organization\",\"name\":\"BT Seilschirme\",\"url\":\"https:\\\/\\\/bt-seilschirme.de\\\/\",\"logo\":{\"@type\":\"ImageObject\",\"inLanguage\":\"de\",\"@id\":\"https:\\\/\\\/bt-seilschirme.de\\\/#\\\/schema\\\/logo\\\/image\\\/\",\"url\":\"https:\\\/\\\/i0.wp.com\\\/bt-seilschirme.7nw.de\\\/wp-content\\\/uploads\\\/2022\\\/03\\\/Logo_wp.png?fit=821%2C818&ssl=1\",\"contentUrl\":\"https:\\\/\\\/i0.wp.com\\\/bt-seilschirme.7nw.de\\\/wp-content\\\/uploads\\\/2022\\\/03\\\/Logo_wp.png?fit=821%2C818&ssl=1\",\"width\":821,\"height\":818,\"caption\":\"BT Seilschirme\"},\"image\":{\"@id\":\"https:\\\/\\\/bt-seilschirme.de\\\/#\\\/schema\\\/logo\\\/image\\\/\"}}]}<\/script>\n<!-- \/ Yoast SEO plugin. -->","yoast_head_json":{"title":"Texte - BT Seilschirme","robots":{"index":"index","follow":"follow","max-snippet":"max-snippet:-1","max-image-preview":"max-image-preview:large","max-video-preview":"max-video-preview:-1"},"canonical":"https:\/\/bt-seilschirme.de\/?page_id=184","og_locale":"de_DE","og_type":"article","og_title":"Texte - BT Seilschirme","og_description":"Die Droge Segelflug J\u00fcrgen Daube, 1991 Essen und Fliegen Braunschweig, 2000 Die ultimative Vision oder auch: Kultur mit Zukunft Oktober 2008 Vom Leben und Lieben der segelfliegenden Gro\u00dfv\u00f6gel J\u00fcrgen Daube, 1994 Die Evolution im Segellflugzeugbau J\u00fcrgen DaubeVerden, 19.10.2002 Vorwort Verden 2006 J\u00fcrgen DaubeBraunschweig, im Oktober 2006 Sonnenkollektoren der anderen Art, [&hellip;]","og_url":"https:\/\/bt-seilschirme.de\/?page_id=184","og_site_name":"BT Seilschirme","article_modified_time":"2024-01-15T18:57:52+00:00","og_image":[{"url":"https:\/\/web.archive.org\/web\/20201022201946im_\/http:\/\/bt-seilschirme.de\/system\/themes\/default\/images\/iconPDF.gif","type":"","width":"","height":""}],"twitter_card":"summary_large_image","twitter_misc":{"Gesch\u00e4tzte Lesezeit":"2\u00a0Minuten"},"schema":{"@context":"https:\/\/schema.org","@graph":[{"@type":"WebPage","@id":"https:\/\/bt-seilschirme.de\/?page_id=184","url":"https:\/\/bt-seilschirme.de\/?page_id=184","name":"Texte - BT Seilschirme","isPartOf":{"@id":"https:\/\/bt-seilschirme.de\/#website"},"primaryImageOfPage":{"@id":"https:\/\/bt-seilschirme.de\/?page_id=184#primaryimage"},"image":{"@id":"https:\/\/bt-seilschirme.de\/?page_id=184#primaryimage"},"thumbnailUrl":"https:\/\/web.archive.org\/web\/20201022201946im_\/http:\/\/bt-seilschirme.de\/system\/themes\/default\/images\/iconPDF.gif","datePublished":"2022-04-20T15:51:15+00:00","dateModified":"2024-01-15T18:57:52+00:00","breadcrumb":{"@id":"https:\/\/bt-seilschirme.de\/?page_id=184#breadcrumb"},"inLanguage":"de","potentialAction":[{"@type":"ReadAction","target":["https:\/\/bt-seilschirme.de\/?page_id=184"]}]},{"@type":"ImageObject","inLanguage":"de","@id":"https:\/\/bt-seilschirme.de\/?page_id=184#primaryimage","url":"https:\/\/web.archive.org\/web\/20201022201946im_\/http:\/\/bt-seilschirme.de\/system\/themes\/default\/images\/iconPDF.gif","contentUrl":"https:\/\/web.archive.org\/web\/20201022201946im_\/http:\/\/bt-seilschirme.de\/system\/themes\/default\/images\/iconPDF.gif"},{"@type":"BreadcrumbList","@id":"https:\/\/bt-seilschirme.de\/?page_id=184#breadcrumb","itemListElement":[{"@type":"ListItem","position":1,"name":"Startseite","item":"https:\/\/bt-seilschirme.de\/"},{"@type":"ListItem","position":2,"name":"Lyrik","item":"https:\/\/bt-seilschirme.de\/?page_id=101"},{"@type":"ListItem","position":3,"name":"Texte"}]},{"@type":"WebSite","@id":"https:\/\/bt-seilschirme.de\/#website","url":"https:\/\/bt-seilschirme.de\/","name":"BT Seilschirme","description":"J\u00fcrgen Daube","publisher":{"@id":"https:\/\/bt-seilschirme.de\/#organization"},"potentialAction":[{"@type":"SearchAction","target":{"@type":"EntryPoint","urlTemplate":"https:\/\/bt-seilschirme.de\/?s={search_term_string}"},"query-input":{"@type":"PropertyValueSpecification","valueRequired":true,"valueName":"search_term_string"}}],"inLanguage":"de"},{"@type":"Organization","@id":"https:\/\/bt-seilschirme.de\/#organization","name":"BT Seilschirme","url":"https:\/\/bt-seilschirme.de\/","logo":{"@type":"ImageObject","inLanguage":"de","@id":"https:\/\/bt-seilschirme.de\/#\/schema\/logo\/image\/","url":"https:\/\/i0.wp.com\/bt-seilschirme.7nw.de\/wp-content\/uploads\/2022\/03\/Logo_wp.png?fit=821%2C818&ssl=1","contentUrl":"https:\/\/i0.wp.com\/bt-seilschirme.7nw.de\/wp-content\/uploads\/2022\/03\/Logo_wp.png?fit=821%2C818&ssl=1","width":821,"height":818,"caption":"BT Seilschirme"},"image":{"@id":"https:\/\/bt-seilschirme.de\/#\/schema\/logo\/image\/"}}]}},"jetpack_sharing_enabled":true,"_links":{"self":[{"href":"https:\/\/bt-seilschirme.de\/index.php?rest_route=\/wp\/v2\/pages\/184","targetHints":{"allow":["GET"]}}],"collection":[{"href":"https:\/\/bt-seilschirme.de\/index.php?rest_route=\/wp\/v2\/pages"}],"about":[{"href":"https:\/\/bt-seilschirme.de\/index.php?rest_route=\/wp\/v2\/types\/page"}],"author":[{"embeddable":true,"href":"https:\/\/bt-seilschirme.de\/index.php?rest_route=\/wp\/v2\/users\/2"}],"replies":[{"embeddable":true,"href":"https:\/\/bt-seilschirme.de\/index.php?rest_route=%2Fwp%2Fv2%2Fcomments&post=184"}],"version-history":[{"count":6,"href":"https:\/\/bt-seilschirme.de\/index.php?rest_route=\/wp\/v2\/pages\/184\/revisions"}],"predecessor-version":[{"id":258,"href":"https:\/\/bt-seilschirme.de\/index.php?rest_route=\/wp\/v2\/pages\/184\/revisions\/258"}],"up":[{"embeddable":true,"href":"https:\/\/bt-seilschirme.de\/index.php?rest_route=\/wp\/v2\/pages\/101"}],"wp:attachment":[{"href":"https:\/\/bt-seilschirme.de\/index.php?rest_route=%2Fwp%2Fv2%2Fmedia&parent=184"}],"curies":[{"name":"wp","href":"https:\/\/api.w.org\/{rel}","templated":true}]}}